{"id":3038,"date":"2024-06-03T00:51:38","date_gmt":"2024-06-02T22:51:38","guid":{"rendered":"https:\/\/agio.si\/office-locations\/agio-office-celje-downtown\/"},"modified":"2025-03-16T17:19:37","modified_gmt":"2025-03-16T16:19:37","slug":"celje-downtown","status":"publish","type":"page","link":"https:\/\/agio.si\/en\/office-locations\/celje-downtown\/","title":{"rendered":"Celje downtown"},"content":{"rendered":"<div class=\"fusion-fullwidth fullwidth-box fusion-builder-row-1 fusion-flex-container has-pattern-background has-mask-background nonhundred-percent-fullwidth non-hundred-percent-height-scrolling\" style=\"--awb-border-radius-top-left:0px;--awb-border-radius-top-right:0px;--awb-border-radius-bottom-right:0px;--awb-border-radius-bottom-left:0px;--awb-flex-wrap:wrap;\" ><div class=\"fusion-builder-row fusion-row fusion-flex-align-items-flex-start fusion-flex-content-wrap\" style=\"max-width:1310.4px;margin-left: calc(-4% \/ 2 );margin-right: calc(-4% \/ 2 );\"><div class=\"fusion-layout-column fusion_builder_column fusion-builder-column-0 fusion_builder_column_1_1 1_1 fusion-flex-column\" style=\"--awb-bg-size:cover;--awb-width-large:100%;--awb-margin-top-large:20px;--awb-spacing-right-large:1.92%;--awb-margin-bottom-large:20px;--awb-spacing-left-large:1.92%;--awb-width-medium:100%;--awb-order-medium:0;--awb-spacing-right-medium:1.92%;--awb-spacing-left-medium:1.92%;--awb-width-small:100%;--awb-order-small:0;--awb-spacing-right-small:1.92%;--awb-spacing-left-small:1.92%;\"><div class=\"fusion-column-wrapper fusion-column-has-shadow fusion-flex-justify-content-flex-start fusion-content-layout-column\"><div class=\"fusion-text fusion-text-1\"><p><strong>Contact:<\/strong><br \/>\n\ud83d\udcde Phone: <a href=\"tel:+386 51 202 290\">+386 51 202 290<\/a><br \/>\n\u2709\ufe0f Email: <a href=\"mailto:info@agio.si\">info@agio.si<\/a><\/p>\n<p>\ud83d\udd52 <strong>Business Hours:<\/strong><br \/>\n\ud83d\udcc5 <strong>Monday &#8211; Friday:<\/strong> 8:00 AM &#8211; 4:00 PM<br \/>\n\ud83d\udcc5 <strong>Saturday:<\/strong> 8:00 AM &#8211; 12:00 PM<br \/>\n\ud83d\udcc5 <strong>Sunday and holidays:<\/strong> by appointment<\/p>\n<p>The Celje downtown office is located at De\u010dkova cesta 43, within the Frimobil car dealership building, clearly marked with Agio Rent a Car signs. Due to its proximity to major transport routes, it offers easy access for both local residents and visitors from other parts of Slovenia. Our team is always available to provide expert advice and assist you in choosing services tailored to your needs.<\/p>\n<p>For additional information or to book a vehicle, feel free to contact us via phone or email.<\/p>\n<p>We look forward to your visit and wish you a pleasant drive!<\/p>\n<\/div><div class=\"fusion-text fusion-text-2\"><p data-start=\"39\" data-end=\"110\"><strong data-start=\"0\" data-end=\"35\">\ud83d\udccd <a href=\"https:\/\/maps.app.goo.gl\/MuiSTpAD2gznvq5HA\">De\u010dkova cesta 43, 3000 Celje<\/a><\/strong><\/p>\n<\/div><div class=\"fusion-text fusion-text-3\"><p><iframe class=\"lazyload\" style=\"border: 0;\" src=\"data:image\/svg+xml,%3Csvg%20xmlns%3D%27http%3A%2F%2Fwww.w3.org%2F2000%2Fsvg%27%20width%3D%271250%27%20height%3D%27450%27%20viewBox%3D%270%200%201250%20450%27%3E%3Crect%20width%3D%271250%27%20height%3D%27450%27%20fill-opacity%3D%220%22%2F%3E%3C%2Fsvg%3E\" data-orig-src=\"https:\/\/www.google.com\/maps\/embed?pb=!1m18!1m12!1m3!1d176893.04731675528!2d14.701575299735646!3d46.151664812160284!2m3!1f0!2f0!3f0!3m2!1i1024!2i768!4f13.1!3m3!1m2!1s0x47657123a9d81395%3A0xb16295424b702c94!2sAgio%20%7C%20Rent%20a%20Car%20%7C%20Celje!5e0!3m2!1ssl!2ssi!4v1716493942330!5m2!1ssl!2ssi\" width=\"1250\" height=\"450\" allowfullscreen=\"allowfullscreen\"><\/iframe><\/p>\n<\/div><div class=\"fusion-text fusion-text-4\"><p>We offer a wide selection of rental vehicles, including cars and vans, tailored to various customer needs and preferences. Our services provide flexible solutions for everyone, regardless of the duration or purpose of the rental.<\/p>\n<h3><strong>Our services include:<\/strong><\/h3>\n<p>\ud83d\ude97 <strong>Short-term and long-term rental<\/strong> \u2013 Flexible rental options suitable for both occasional and regular users.<br \/>\n\ud83d\ude99 <a href=\"https:\/\/agio.si\/en\/car-rental\/\"><strong>Car rental<\/strong><\/a> \u2013 Choose from a wide range of vehicles, perfect for city driving or long-distance travel.<br \/>\n\ud83d\ude90 <a href=\"https:\/\/agio.si\/en\/van-rental\/\"><strong>Van rental<\/strong><\/a> \u2013 An ideal solution for groups or transporting large amounts of luggage when you need extra space and comfort.<br \/>\n\ud83c\udfe2 <a href=\"https:\/\/agio.si\/en\/business-vehicle-rental\/\"><strong>Business vehicle rental<\/strong><\/a> \u2013 Specially tailored services for companies and business clients who need a reliable and comfortable transportation solution.<br \/>\n\ud83d\ude98 <strong>Various vehicle categories<\/strong> \u2013 From compact city cars to larger family vehicles and both passenger and cargo vans.<br \/>\n\ud83d\udcde <strong>24\/7 customer support<\/strong> \u2013 Our friendly and professional staff are always available to assist and support you.<br \/>\n\ud83d\udcbb <strong>Easy booking<\/strong> \u2013 Quick and simple online vehicle reservations, saving you time and making planning easier.<\/p>\n<\/div><div class=\"fusion-text fusion-text-5\"><p data-start=\"0\" data-end=\"13\"><strong data-start=\"0\" data-end=\"11\">O Celju<\/strong><\/p>\n<p data-start=\"15\" data-end=\"340\">Celje je tretje najve\u010dje mesto v Sloveniji in upravno sredi\u0161\u010de Savinjske regije. Njegova bogata zgodovina sega vse do rimskih \u010dasov, ko je bilo znano kot <strong data-start=\"169\" data-end=\"179\">Celeia<\/strong> \u2013 &#8220;mesto iz marmorja&#8221;. Danes Celje zdru\u017euje bogato kulturno dedi\u0161\u010dino z modernim urbanim razvojem, kar ga dela privla\u010dnega tako za prebivalce kot obiskovalce.<\/p>\n<p data-start=\"342\" data-end=\"786\">Med najbolj znane znamenitosti spadajo:<br data-start=\"381\" data-end=\"384\" \/>\ud83c\udff0 <strong data-start=\"387\" data-end=\"403\">Celjski grad<\/strong> \u2013 mogo\u010dna srednjeve\u0161ka trdnjava z osupljivim razgledom na mesto.<br data-start=\"468\" data-end=\"471\" \/>\ud83c\udfdb <strong data-start=\"474\" data-end=\"507\">Muzej novej\u0161e zgodovine Celje<\/strong> \u2013 vpogled v bogato preteklost mesta skozi razli\u010dne zgodovinske razstave.<br data-start=\"580\" data-end=\"583\" \/>\ud83c\udfef <strong data-start=\"586\" data-end=\"601\">Kne\u017eji dvor<\/strong> \u2013 nekdanja rezidenca celjskih knezov, danes pomembno kulturno sredi\u0161\u010de.<br data-start=\"673\" data-end=\"676\" \/>\ud83c\udfda <strong data-start=\"679\" data-end=\"699\">Stari grad Celje<\/strong> \u2013 ena najbolj priljubljenih turisti\u010dnih to\u010dk, ki ohranja duh srednjeve\u0161kega obdobja.<\/p>\n<p data-start=\"788\" data-end=\"962\">Celje ponuja \u0161tevilne mo\u017enosti za raziskovanje in u\u017eivanje \u2013 od zgodovinskih znamenitosti do raznolikih kulturnih prireditev, \u0161portnih aktivnosti in izobra\u017eevalnih ustanov.<\/p>\n<p data-start=\"964\" data-end=\"1204\" data-is-last-node=\"\" data-is-only-node=\"\">\u010ce \u017eelite Celje in preostale dele Slovenije raziskovati brez omejitev, je <strong data-start=\"1038\" data-end=\"1057\">Agio rent a car<\/strong> odli\u010dna izbira. Na\u0161a poslovalnica vam omogo\u010da priro\u010den najem vozila, s katerim lahko brezskrbno odkrijete skrite koti\u010dke mesta in njegove okolice.<\/p>\n<\/div><\/div><\/div><\/div><\/div>\n","protected":false},"excerpt":{"rendered":"","protected":false},"author":1,"featured_media":0,"parent":3005,"menu_order":0,"comment_status":"closed","ping_status":"closed","template":"","meta":{"footnotes":""},"class_list":["post-3038","page","type-page","status-publish","hentry"],"yoast_head":"<!-- This site is optimized with the Yoast SEO Premium plugin v26.0 (Yoast SEO v26.0) - https:\/\/yoast.com\/wordpress\/plugins\/seo\/ -->\n<title>Celje downtown - Agio | Rent a car<\/title>\n<meta name=\"description\" content=\"Car rental at Agio Celje downtown. A wide selection of vehicles and flexible rental terms in the heart of Slovenia\u2019s historic city.\" \/>\n<meta name=\"robots\" content=\"index, follow, max-snippet:-1, max-image-preview:large, max-video-preview:-1\" \/>\n<link rel=\"canonical\" href=\"https:\/\/agio.si\/en\/office-locations\/celje-downtown\/\" \/>\n<meta property=\"og:locale\" content=\"en_US\" \/>\n<meta property=\"og:type\" content=\"article\" \/>\n<meta property=\"og:title\" content=\"Celje downtown\" \/>\n<meta property=\"og:description\" content=\"Car rental at Agio Celje downtown. A wide selection of vehicles and flexible rental terms in the heart of Slovenia\u2019s historic city.\" \/>\n<meta property=\"og:url\" content=\"https:\/\/agio.si\/en\/office-locations\/celje-downtown\/\" \/>\n<meta property=\"og:site_name\" content=\"Agio | Rent a car\" \/>\n<meta property=\"article:publisher\" content=\"https:\/\/www.facebook.com\/agiorentacar\/\" \/>\n<meta property=\"article:modified_time\" content=\"2025-03-16T16:19:37+00:00\" \/>\n<meta name=\"twitter:card\" content=\"summary_large_image\" \/>\n<meta name=\"twitter:label1\" content=\"Est. reading time\" \/>\n\t<meta name=\"twitter:data1\" content=\"3 minutes\" \/>\n<script type=\"application\/ld+json\" class=\"yoast-schema-graph\">{\"@context\":\"https:\/\/schema.org\",\"@graph\":[{\"@type\":\"WebPage\",\"@id\":\"https:\/\/agio.si\/en\/office-locations\/celje-downtown\/\",\"url\":\"https:\/\/agio.si\/en\/office-locations\/celje-downtown\/\",\"name\":\"Celje downtown - Agio | Rent a car\",\"isPartOf\":{\"@id\":\"https:\/\/agio.si\/en\/#website\"},\"datePublished\":\"2024-06-02T22:51:38+00:00\",\"dateModified\":\"2025-03-16T16:19:37+00:00\",\"description\":\"Car rental at Agio Celje downtown. A wide selection of vehicles and flexible rental terms in the heart of Slovenia\u2019s historic city.\",\"breadcrumb\":{\"@id\":\"https:\/\/agio.si\/en\/office-locations\/celje-downtown\/#breadcrumb\"},\"inLanguage\":\"en-US\",\"potentialAction\":[{\"@type\":\"ReadAction\",\"target\":[\"https:\/\/agio.si\/en\/office-locations\/celje-downtown\/\"]}]},{\"@type\":\"BreadcrumbList\",\"@id\":\"https:\/\/agio.si\/en\/office-locations\/celje-downtown\/#breadcrumb\",\"itemListElement\":[{\"@type\":\"ListItem\",\"position\":1,\"name\":\"Home\",\"item\":\"https:\/\/agio.si\/en\/agio-rent-a-car\/\"},{\"@type\":\"ListItem\",\"position\":2,\"name\":\"Office locations\",\"item\":\"https:\/\/agio.si\/en\/office-locations\/\"},{\"@type\":\"ListItem\",\"position\":3,\"name\":\"Celje downtown\"}]},{\"@type\":\"WebSite\",\"@id\":\"https:\/\/agio.si\/en\/#website\",\"url\":\"https:\/\/agio.si\/en\/\",\"name\":\"Agio | Rent a car\",\"description\":\"\",\"publisher\":{\"@id\":\"https:\/\/agio.si\/en\/#organization\"},\"potentialAction\":[{\"@type\":\"SearchAction\",\"target\":{\"@type\":\"EntryPoint\",\"urlTemplate\":\"https:\/\/agio.si\/en\/?s={search_term_string}\"},\"query-input\":{\"@type\":\"PropertyValueSpecification\",\"valueRequired\":true,\"valueName\":\"search_term_string\"}}],\"inLanguage\":\"en-US\"},{\"@type\":\"Organization\",\"@id\":\"https:\/\/agio.si\/en\/#organization\",\"name\":\"Agio | Rent a car\",\"url\":\"https:\/\/agio.si\/en\/\",\"logo\":{\"@type\":\"ImageObject\",\"inLanguage\":\"en-US\",\"@id\":\"https:\/\/agio.si\/en\/#\/schema\/logo\/image\/\",\"url\":\"https:\/\/agio.si\/wp-content\/uploads\/2024\/06\/1.png\",\"contentUrl\":\"https:\/\/agio.si\/wp-content\/uploads\/2024\/06\/1.png\",\"width\":200,\"height\":100,\"caption\":\"Agio | Rent a car\"},\"image\":{\"@id\":\"https:\/\/agio.si\/en\/#\/schema\/logo\/image\/\"},\"sameAs\":[\"https:\/\/www.facebook.com\/agiorentacar\/\",\"https:\/\/www.instagram.com\/agiorentacar\/\"]}]}<\/script>\n<!-- \/ Yoast SEO Premium plugin. -->","yoast_head_json":{"title":"Celje downtown - Agio | Rent a car","description":"Car rental at Agio Celje downtown. A wide selection of vehicles and flexible rental terms in the heart of Slovenia\u2019s historic city.","robots":{"index":"index","follow":"follow","max-snippet":"max-snippet:-1","max-image-preview":"max-image-preview:large","max-video-preview":"max-video-preview:-1"},"canonical":"https:\/\/agio.si\/en\/office-locations\/celje-downtown\/","og_locale":"en_US","og_type":"article","og_title":"Celje downtown","og_description":"Car rental at Agio Celje downtown. A wide selection of vehicles and flexible rental terms in the heart of Slovenia\u2019s historic city.","og_url":"https:\/\/agio.si\/en\/office-locations\/celje-downtown\/","og_site_name":"Agio | Rent a car","article_publisher":"https:\/\/www.facebook.com\/agiorentacar\/","article_modified_time":"2025-03-16T16:19:37+00:00","twitter_card":"summary_large_image","twitter_misc":{"Est. reading time":"3 minutes"},"schema":{"@context":"https:\/\/schema.org","@graph":[{"@type":"WebPage","@id":"https:\/\/agio.si\/en\/office-locations\/celje-downtown\/","url":"https:\/\/agio.si\/en\/office-locations\/celje-downtown\/","name":"Celje downtown - Agio | Rent a car","isPartOf":{"@id":"https:\/\/agio.si\/en\/#website"},"datePublished":"2024-06-02T22:51:38+00:00","dateModified":"2025-03-16T16:19:37+00:00","description":"Car rental at Agio Celje downtown. A wide selection of vehicles and flexible rental terms in the heart of Slovenia\u2019s historic city.","breadcrumb":{"@id":"https:\/\/agio.si\/en\/office-locations\/celje-downtown\/#breadcrumb"},"inLanguage":"en-US","potentialAction":[{"@type":"ReadAction","target":["https:\/\/agio.si\/en\/office-locations\/celje-downtown\/"]}]},{"@type":"BreadcrumbList","@id":"https:\/\/agio.si\/en\/office-locations\/celje-downtown\/#breadcrumb","itemListElement":[{"@type":"ListItem","position":1,"name":"Home","item":"https:\/\/agio.si\/en\/agio-rent-a-car\/"},{"@type":"ListItem","position":2,"name":"Office locations","item":"https:\/\/agio.si\/en\/office-locations\/"},{"@type":"ListItem","position":3,"name":"Celje downtown"}]},{"@type":"WebSite","@id":"https:\/\/agio.si\/en\/#website","url":"https:\/\/agio.si\/en\/","name":"Agio | Rent a car","description":"","publisher":{"@id":"https:\/\/agio.si\/en\/#organization"},"potentialAction":[{"@type":"SearchAction","target":{"@type":"EntryPoint","urlTemplate":"https:\/\/agio.si\/en\/?s={search_term_string}"},"query-input":{"@type":"PropertyValueSpecification","valueRequired":true,"valueName":"search_term_string"}}],"inLanguage":"en-US"},{"@type":"Organization","@id":"https:\/\/agio.si\/en\/#organization","name":"Agio | Rent a car","url":"https:\/\/agio.si\/en\/","logo":{"@type":"ImageObject","inLanguage":"en-US","@id":"https:\/\/agio.si\/en\/#\/schema\/logo\/image\/","url":"https:\/\/agio.si\/wp-content\/uploads\/2024\/06\/1.png","contentUrl":"https:\/\/agio.si\/wp-content\/uploads\/2024\/06\/1.png","width":200,"height":100,"caption":"Agio | Rent a car"},"image":{"@id":"https:\/\/agio.si\/en\/#\/schema\/logo\/image\/"},"sameAs":["https:\/\/www.facebook.com\/agiorentacar\/","https:\/\/www.instagram.com\/agiorentacar\/"]}]}},"_links":{"self":[{"href":"https:\/\/agio.si\/en\/wp-json\/wp\/v2\/pages\/3038","targetHints":{"allow":["GET"]}}],"collection":[{"href":"https:\/\/agio.si\/en\/wp-json\/wp\/v2\/pages"}],"about":[{"href":"https:\/\/agio.si\/en\/wp-json\/wp\/v2\/types\/page"}],"author":[{"embeddable":true,"href":"https:\/\/agio.si\/en\/wp-json\/wp\/v2\/users\/1"}],"replies":[{"embeddable":true,"href":"https:\/\/agio.si\/en\/wp-json\/wp\/v2\/comments?post=3038"}],"version-history":[{"count":0,"href":"https:\/\/agio.si\/en\/wp-json\/wp\/v2\/pages\/3038\/revisions"}],"up":[{"embeddable":true,"href":"https:\/\/agio.si\/en\/wp-json\/wp\/v2\/pages\/3005"}],"wp:attachment":[{"href":"https:\/\/agio.si\/en\/wp-json\/wp\/v2\/media?parent=3038"}],"curies":[{"name":"wp","href":"https:\/\/api.w.org\/{rel}","templated":true}]}}