{"id":3005,"date":"2020-08-20T18:21:25","date_gmt":"2020-08-20T16:21:25","guid":{"rendered":"https:\/\/agio.si\/lokacije-poslovalnic\/"},"modified":"2025-08-23T10:44:51","modified_gmt":"2025-08-23T08:44:51","slug":"office-locations","status":"publish","type":"page","link":"https:\/\/agio.si\/en\/office-locations\/","title":{"rendered":"Office locations"},"content":{"rendered":"<div class=\"fusion-fullwidth fullwidth-box fusion-builder-row-1 fusion-flex-container nonhundred-percent-fullwidth non-hundred-percent-height-scrolling\" style=\"--awb-border-radius-top-left:0px;--awb-border-radius-top-right:0px;--awb-border-radius-bottom-right:0px;--awb-border-radius-bottom-left:0px;--awb-padding-top:72px;--awb-padding-bottom:72px;--awb-padding-top-medium:48px;--awb-padding-bottom-medium:32px;--awb-padding-top-small:16px;--awb-padding-bottom-small:16px;--awb-flex-wrap:wrap;\" ><div class=\"fusion-builder-row fusion-row fusion-flex-align-items-flex-start fusion-flex-justify-content-center fusion-flex-content-wrap\" style=\"max-width:1310.4px;margin-left: calc(-4% \/ 2 );margin-right: calc(-4% \/ 2 );\"><div class=\"fusion-layout-column fusion_builder_column fusion-builder-column-0 fusion_builder_column_5_6 5_6 fusion-flex-column\" style=\"--awb-bg-size:cover;--awb-width-large:83.333333333333%;--awb-margin-top-large:20px;--awb-spacing-right-large:2.304%;--awb-margin-bottom-large:20px;--awb-spacing-left-large:2.304%;--awb-width-medium:83.333333333333%;--awb-order-medium:0;--awb-spacing-right-medium:2.304%;--awb-spacing-left-medium:2.304%;--awb-width-small:100%;--awb-order-small:0;--awb-spacing-right-small:1.92%;--awb-spacing-left-small:1.92%;\"><div class=\"fusion-column-wrapper fusion-column-has-shadow fusion-flex-justify-content-flex-start fusion-content-layout-column\"><div class=\"fusion-text fusion-text-1\"><p>Agio Rent a Car ponuja storitve na ve\u010d priro\u010dnih lokacijah, da vam omogo\u010da enostaven dostop do na\u0161ih vozil in storitev. Na\u0161e poslovalnice so strate\u0161ko postavljene, da vam nudijo \u010dim ve\u010dje udobje in fleksibilnost pri najemu in vra\u010dilu vozil.<\/p>\n<\/div><div class=\"fusion-text fusion-text-2\"><p>At <strong>Agio Rent a Car<\/strong>, we understand that flexibility is essential. That\u2019s why we offer <strong>vehicle pickup and return at multiple locations across Slovenia<\/strong>, giving you more freedom when planning your journey. Whether you&#8217;re traveling between Ljubljana, Celje, Koper, or any other city, our services ensure a hassle-free experience.<\/p>\n<p>Our vehicles are <strong>regularly maintained and inspected<\/strong> to provide you with <strong>the highest level of safety and comfort<\/strong>. Choose from <strong>a wide range of vehicles<\/strong>\u2014from compact city cars to spacious family vehicles and SUVs. Our team is always available to help you select the car that best suits your needs.<\/p>\n<p><strong>Booking a vehicle with Agio Rent a Car is quick and easy.<\/strong> On our website, you can select your preferred car, specify the pickup and return location and time, and complete your reservation in just a few clicks.<\/p>\n<\/div><div class=\"fusion-content-boxes content-boxes columns row fusion-columns-3 fusion-columns-total-4 fusion-content-boxes-1 content-boxes-icon-with-title content-left has-flex-alignment fusion-delayed-animation\" style=\"--awb-backgroundcolor:rgba(13,133,231,0.05);--awb-border-radius-top-left:5px;--awb-border-radius-top-right:5px;--awb-border-radius-bottom-right:5px;--awb-border-radius-bottom-left:5px;--awb-alignment:stretch;--awb-body-color:#424242;--awb-title-color:#0f0f0f;--awb-iconcolor:#0d85e8;--awb-iconcolor-hover:#ffffff;--awb-circlecolor-hover:#1dd485;--awb-margin-top:15px;--awb-hover-accent-color:#0d85e8;--awb-circle-hover-accent-color:#0d85e8;\" data-animation-delay=\"500\" data-animationOffset=\"top-into-view\"><div style=\"--awb-backgroundcolor:rgba(13,133,231,0.05);--awb-iconcolor:#0d85e8;--awb-iconcolor-hover:#ffffff;--awb-circlecolor-hover:#1dd485;\" class=\"fusion-column content-box-column content-box-column content-box-column-1 col-lg-4 col-md-4 col-sm-4 fusion-content-box-hover content-box-column-first-in-row\"><div class=\"col content-box-wrapper content-wrapper-background link-area-link-icon link-type-button-bar icon-hover-animation-fade\" data-animationOffset=\"top-into-view\"><div class=\"heading heading-with-icon icon-left\"><a class=\"heading-link\" style=\"float:left;\" href=\"https:\/\/agio.si\/en\/office-locations\/ljubljana-airport-joze-pucnik\/\" target=\"_blank\" rel=\"noopener noreferrer\"><div class=\"icon\" style=\"-webkit-animation-duration: 500ms;animation-duration: 500ms;\"><i style=\"border-color:var(--awb-custom10);border-width:0px;background-color:rgba(13,133,231,0.1);box-sizing:content-box;height:58px;width:58px;line-height:58px;border-radius:5px;font-size:29px;\" aria-hidden=\"true\" class=\"fontawesome-icon fa-map-marker-alt fas circle-yes\"><\/i><\/div><h2 class=\"content-box-heading fusion-responsive-typography-calculated\" style=\"--h2_typography-font-size:23px;--fontSize:23;line-height:1.2;\">Ljubljana Airport<\/h2><\/a><\/div><div class=\"fusion-clearfix\"><\/div><div class=\"content-container\">Office Ljubljana Jo\u017ee Pu\u010dnik Airport<\/p>\n<table width=\"487\">\n<tbody>\n<tr>\n<td width=\"487\">Zgornji Brnik 130a<\/td>\n<\/tr>\n<tr>\n<td>4210 Brnik &#8211; Aerodrom<\/td>\n<\/tr>\n<tr>\n<td><\/td>\n<\/tr>\n<tr>\n<td><a href=\"tel:&nbsp;00386%2070%20727%20777\">&nbsp;Tel: +386 70 727 777<\/a><\/td>\n<\/tr>\n<tr>\n<td><a href=\"mailto:info@agio.si\">Email:&nbsp;info@agio.si<\/a><\/td>\n<\/tr>\n<\/tbody>\n<\/table>\n<\/div><div class=\"fusion-clearfix\"><\/div><a class=\" fusion-read-more fusion-button-bar\" style=\"float:left;\" href=\"https:\/\/agio.si\/en\/office-locations\/ljubljana-airport-joze-pucnik\/\" target=\"_blank\" rel=\"noopener noreferrer\">Map<\/a><div class=\"fusion-clearfix\"><\/div><\/div><\/div><div style=\"--awb-backgroundcolor:rgba(13,133,231,0.05);--awb-iconcolor:#0d85e8;--awb-iconcolor-hover:#ffffff;--awb-circlecolor-hover:#1dd485;\" class=\"fusion-column content-box-column content-box-column content-box-column-2 col-lg-4 col-md-4 col-sm-4 fusion-content-box-hover \"><div class=\"col content-box-wrapper content-wrapper-background link-area-link-icon link-type-button-bar icon-hover-animation-fade\" data-animationOffset=\"top-into-view\"><div class=\"heading heading-with-icon icon-left\"><a class=\"heading-link\" style=\"float:left;\" href=\"https:\/\/agio.si\/en\/office-locations\/ljubljana-railway-station\/\" target=\"_blank\" rel=\"noopener noreferrer\"><div class=\"icon\" style=\"-webkit-animation-duration: 500ms;animation-duration: 500ms;\"><i style=\"border-color:var(--awb-custom10);border-width:0px;background-color:rgba(13,133,231,0.1);box-sizing:content-box;height:58px;width:58px;line-height:58px;border-radius:5px;font-size:29px;\" aria-hidden=\"true\" class=\"fontawesome-icon fa-map-marker-alt fas circle-yes\"><\/i><\/div><h2 class=\"content-box-heading fusion-responsive-typography-calculated\" style=\"--h2_typography-font-size:23px;--fontSize:23;line-height:1.2;\">Ljubljana railway station<\/h2><\/a><\/div><div class=\"fusion-clearfix\"><\/div><div class=\"content-container\">\n<p>Office Ljubljana railway station<\/p>\n<table width=\"487\">\n<tbody>\n<tr>\n<td width=\"487\">Masarykova cesta 14<\/td>\n<\/tr>\n<tr>\n<td>1000 Ljubljana<\/td>\n<\/tr>\n<tr>\n<td>\u00a0<\/td>\n<\/tr>\n<tr>\n<td><a href=\"tel:\u00a000386 41 805 040\">Tel:\u00a0+386 41 805 040<\/a><\/td>\n<\/tr>\n<tr>\n<td><a href=\"mailto:info@agio.si\">Email:\u00a0info@agio.si<\/a><\/td>\n<\/tr>\n<\/tbody>\n<\/table>\n<\/div><div class=\"fusion-clearfix\"><\/div><a class=\" fusion-read-more fusion-button-bar\" style=\"float:left;\" href=\"https:\/\/agio.si\/en\/office-locations\/ljubljana-railway-station\/\" target=\"_blank\" rel=\"noopener noreferrer\">Map<\/a><div class=\"fusion-clearfix\"><\/div><\/div><\/div><div style=\"--awb-backgroundcolor:rgba(13,133,231,0.05);--awb-iconcolor:#0d85e8;--awb-iconcolor-hover:#ffffff;--awb-circlecolor-hover:#1dd485;\" class=\"fusion-column content-box-column content-box-column content-box-column-3 col-lg-4 col-md-4 col-sm-4 fusion-content-box-hover content-box-column-last-in-row\"><div class=\"col content-box-wrapper content-wrapper-background link-area-link-icon link-type-button-bar icon-hover-animation-fade\" data-animationOffset=\"top-into-view\"><div class=\"heading heading-with-icon icon-left\"><a class=\"heading-link\" style=\"float:left;\" href=\"https:\/\/agio.si\/en\/office-locations\/celje-downtown\/\" target=\"_blank\" rel=\"noopener noreferrer\"><div class=\"icon\" style=\"-webkit-animation-duration: 500ms;animation-duration: 500ms;\"><i style=\"border-color:var(--awb-custom10);border-width:0px;background-color:rgba(13,133,231,0.1);box-sizing:content-box;height:58px;width:58px;line-height:58px;border-radius:5px;font-size:29px;\" aria-hidden=\"true\" class=\"fontawesome-icon fa-map-marker-alt fas circle-yes\"><\/i><\/div><h2 class=\"content-box-heading fusion-responsive-typography-calculated\" style=\"--h2_typography-font-size:23px;--fontSize:23;line-height:1.2;\">Celje downtown<\/h2><\/a><\/div><div class=\"fusion-clearfix\"><\/div><div class=\"content-container\">\n<p>Office Celje downtown<\/p>\n<table width=\"487\">\n<tbody>\n<tr>\n<td width=\"487\">De\u010dkova cesta 43<\/td>\n<\/tr>\n<tr>\n<td>3000 Celje<\/td>\n<\/tr>\n<tr>\n<td>&nbsp;<\/td>\n<\/tr>\n<tr>\n<td><a href=\"tel:+386 51 202 290\">Tel: +386 51 20 22 90<\/a><\/td>\n<\/tr>\n<tr>\n<td><a href=\"mailto:info@agio.si\">Email:&nbsp;info@agio.si<\/a><\/td>\n<\/tr>\n<\/tbody>\n<\/table>\n<\/div><div class=\"fusion-clearfix\"><\/div><a class=\" fusion-read-more fusion-button-bar\" style=\"float:left;\" href=\"https:\/\/agio.si\/en\/office-locations\/celje-downtown\/\" target=\"_blank\" rel=\"noopener noreferrer\">Map<\/a><div class=\"fusion-clearfix\"><\/div><\/div><\/div><div style=\"--awb-backgroundcolor:rgba(13,133,231,0.05);--awb-iconcolor:#0d85e8;--awb-iconcolor-hover:#ffffff;--awb-circlecolor-hover:#1dd485;\" class=\"fusion-column content-box-column content-box-column content-box-column-4 col-lg-4 col-md-4 col-sm-4 fusion-content-box-hover content-box-column-first-in-row content-box-column-last\"><div class=\"col content-box-wrapper content-wrapper-background link-area-link-icon link-type-button-bar icon-hover-animation-fade\" data-animationOffset=\"top-into-view\"><div class=\"heading heading-with-icon icon-left\"><a class=\"heading-link\" style=\"float:left;\" href=\"https:\/\/agio.si\/en\/office-locations\/koper-downtown\/\" target=\"_blank\" rel=\"noopener noreferrer\"><div class=\"icon\" style=\"-webkit-animation-duration: 500ms;animation-duration: 500ms;\"><i style=\"border-color:var(--awb-custom10);border-width:0px;background-color:rgba(13,133,231,0.1);box-sizing:content-box;height:58px;width:58px;line-height:58px;border-radius:5px;font-size:29px;\" aria-hidden=\"true\" class=\"fontawesome-icon fa-map-marker-alt fas circle-yes\"><\/i><\/div><h2 class=\"content-box-heading fusion-responsive-typography-calculated\" style=\"--h2_typography-font-size:23px;--fontSize:23;line-height:1.2;\">Koper downtown<\/h2><\/a><\/div><div class=\"fusion-clearfix\"><\/div><div class=\"content-container\">\n<p>Office Koper downtown<\/p>\n<table width=\"487\">\n<tbody>\n<tr>\n<td width=\"487\">Pristani\u0161ka ulica 2<\/td>\n<\/tr>\n<tr>\n<td>6000 Koper<\/td>\n<\/tr>\n<tr>\n<td>&nbsp;<\/td>\n<\/tr>\n<tr>\n<td><a href=\"tel:+38651425605\">Tel: +386 51 425 605<\/a><\/td>\n<\/tr>\n<tr>\n<td><a href=\"mailto:info@agio.si\">Email:&nbsp;info@agio.si<\/a><\/td>\n<\/tr>\n<\/tbody>\n<\/table>\n<\/div><div class=\"fusion-clearfix\"><\/div><a class=\" fusion-read-more fusion-button-bar\" style=\"float:left;\" href=\"https:\/\/agio.si\/en\/office-locations\/koper-downtown\/\" target=\"_blank\" rel=\"noopener noreferrer\">Map<\/a><div class=\"fusion-clearfix\"><\/div><\/div><\/div><div class=\"fusion-clearfix\"><\/div><\/div><\/div><\/div><div class=\"fusion-layout-column fusion_builder_column fusion-builder-column-1 fusion_builder_column_1_1 1_1 fusion-flex-column fusion-animated\" style=\"--awb-bg-size:cover;--awb-width-large:100%;--awb-margin-top-large:20px;--awb-spacing-right-large:1.92%;--awb-margin-bottom-large:0px;--awb-spacing-left-large:1.92%;--awb-width-medium:100%;--awb-order-medium:0;--awb-spacing-right-medium:1.92%;--awb-spacing-left-medium:1.92%;--awb-width-small:100%;--awb-order-small:0;--awb-spacing-right-small:1.92%;--awb-spacing-left-small:1.92%;\" data-animationType=\"fadeInDown\" data-animationDuration=\"1.0\" data-animationOffset=\"top-into-view\"><div class=\"fusion-column-wrapper fusion-column-has-shadow fusion-flex-justify-content-flex-start fusion-content-layout-column\"><div class=\"fusion-title title fusion-title-1 fusion-sep-none fusion-title-center fusion-title-text fusion-title-size-six\"><h6 class=\"fusion-title-heading title-heading-center fusion-responsive-typography-calculated\" style=\"margin:0;--fontSize:18;--minFontSize:18;line-height:1.5;\">We collaborate with various companies including:<\/h6><\/div><\/div><\/div><div class=\"fusion-layout-column fusion_builder_column fusion-builder-column-2 fusion_builder_column_1_1 1_1 fusion-flex-column\" style=\"--awb-bg-size:cover;--awb-width-large:100%;--awb-margin-top-large:20px;--awb-spacing-right-large:1.92%;--awb-margin-bottom-large:20px;--awb-spacing-left-large:1.92%;--awb-width-medium:100%;--awb-order-medium:0;--awb-spacing-right-medium:1.92%;--awb-spacing-left-medium:1.92%;--awb-width-small:100%;--awb-order-small:0;--awb-spacing-right-small:1.92%;--awb-spacing-left-small:1.92%;\"><div class=\"fusion-column-wrapper fusion-column-has-shadow fusion-flex-justify-content-space-around fusion-content-layout-row\"><div class=\"fusion-image-element \" style=\"text-align:center;--awb-margin-top:10px;--awb-margin-right:10px;--awb-margin-bottom:10px;--awb-margin-left:10px;--awb-max-width:130px;--awb-caption-title-font-family:var(--h2_typography-font-family);--awb-caption-title-font-weight:var(--h2_typography-font-weight);--awb-caption-title-font-style:var(--h2_typography-font-style);--awb-caption-title-size:var(--h2_typography-font-size);--awb-caption-title-transform:var(--h2_typography-text-transform);--awb-caption-title-line-height:var(--h2_typography-line-height);--awb-caption-title-letter-spacing:var(--h2_typography-letter-spacing);\"><span class=\" fusion-imageframe imageframe-none imageframe-1 hover-type-none\" style=\"border-radius:12px;\"><a class=\"fusion-no-lightbox\" href=\"https:\/\/agio.si\/\" target=\"_blank\" aria-label=\"1\" rel=\"noopener noreferrer\"><img decoding=\"async\" width=\"200\" height=\"100\" alt=\"kontakt\" src=\"data:image\/svg+xml,%3Csvg%20xmlns%3D%27http%3A%2F%2Fwww.w3.org%2F2000%2Fsvg%27%20width%3D%27200%27%20height%3D%27100%27%20viewBox%3D%270%200%20200%20100%27%3E%3Crect%20width%3D%27200%27%20height%3D%27100%27%20fill-opacity%3D%220%22%2F%3E%3C%2Fsvg%3E\" data-orig-src=\"https:\/\/agio.si\/wp-content\/uploads\/2024\/06\/1.png\" class=\"lazyload img-responsive wp-image-2542\"\/><\/a><\/span><\/div><div class=\"fusion-image-element \" style=\"text-align:center;--awb-margin-top:10px;--awb-margin-right:10px;--awb-margin-bottom:10px;--awb-margin-left:10px;--awb-max-width:130px;--awb-caption-title-font-family:var(--h2_typography-font-family);--awb-caption-title-font-weight:var(--h2_typography-font-weight);--awb-caption-title-font-style:var(--h2_typography-font-style);--awb-caption-title-size:var(--h2_typography-font-size);--awb-caption-title-transform:var(--h2_typography-text-transform);--awb-caption-title-line-height:var(--h2_typography-line-height);--awb-caption-title-letter-spacing:var(--h2_typography-letter-spacing);\"><span class=\" fusion-imageframe imageframe-none imageframe-2 hover-type-none\" style=\"border-radius:12px;\"><a class=\"fusion-no-lightbox\" href=\"https:\/\/free2rent.si\/\" target=\"_blank\" aria-label=\"logo-min\" rel=\"noopener noreferrer\"><img decoding=\"async\" width=\"132\" height=\"86\" src=\"data:image\/svg+xml,%3Csvg%20xmlns%3D%27http%3A%2F%2Fwww.w3.org%2F2000%2Fsvg%27%20width%3D%27132%27%20height%3D%2786%27%20viewBox%3D%270%200%20132%2086%27%3E%3Crect%20width%3D%27132%27%20height%3D%2786%27%20fill-opacity%3D%220%22%2F%3E%3C%2Fsvg%3E\" data-orig-src=\"https:\/\/agio.si\/wp-content\/uploads\/2024\/06\/logo-min.png\" alt class=\"lazyload img-responsive wp-image-2584\"\/><\/a><\/span><\/div><div class=\"fusion-image-element \" style=\"text-align:center;--awb-margin-top:10px;--awb-margin-right:10px;--awb-margin-bottom:10px;--awb-margin-left:10px;--awb-max-width:130px;--awb-caption-title-font-family:var(--h2_typography-font-family);--awb-caption-title-font-weight:var(--h2_typography-font-weight);--awb-caption-title-font-style:var(--h2_typography-font-style);--awb-caption-title-size:var(--h2_typography-font-size);--awb-caption-title-transform:var(--h2_typography-text-transform);--awb-caption-title-line-height:var(--h2_typography-line-height);--awb-caption-title-letter-spacing:var(--h2_typography-letter-spacing);\"><span class=\" fusion-imageframe imageframe-none imageframe-3 hover-type-none\" style=\"border-radius:12px;\"><a class=\"fusion-no-lightbox\" href=\"https:\/\/www.garage-no1.com\/\" target=\"_blank\" aria-label=\"logo\" rel=\"noopener noreferrer\"><img decoding=\"async\" width=\"168\" height=\"35\" alt=\"kontak\" src=\"data:image\/svg+xml,%3Csvg%20xmlns%3D%27http%3A%2F%2Fwww.w3.org%2F2000%2Fsvg%27%20width%3D%27168%27%20height%3D%2735%27%20viewBox%3D%270%200%20168%2035%27%3E%3Crect%20width%3D%27168%27%20height%3D%2735%27%20fill-opacity%3D%220%22%2F%3E%3C%2Fsvg%3E\" data-orig-src=\"https:\/\/agio.si\/wp-content\/uploads\/2024\/06\/logo.png\" class=\"lazyload img-responsive wp-image-2585\"\/><\/a><\/span><\/div><\/div><\/div><div class=\"fusion-layout-column fusion_builder_column fusion-builder-column-3 fusion_builder_column_5_6 5_6 fusion-flex-column fusion-animated\" style=\"--awb-bg-size:cover;--awb-width-large:83.333333333333%;--awb-margin-top-large:20px;--awb-spacing-right-large:2.304%;--awb-margin-bottom-large:0px;--awb-spacing-left-large:2.304%;--awb-width-medium:83.333333333333%;--awb-order-medium:0;--awb-spacing-right-medium:2.304%;--awb-spacing-left-medium:2.304%;--awb-width-small:100%;--awb-order-small:0;--awb-spacing-right-small:1.92%;--awb-spacing-left-small:1.92%;\" data-animationType=\"fadeInDown\" data-animationDuration=\"1.0\" data-animationOffset=\"top-into-view\"><div class=\"fusion-column-wrapper fusion-column-has-shadow fusion-flex-justify-content-flex-start fusion-content-layout-column\"><div class=\"fusion-text fusion-text-3\"><p>For <strong>more information<\/strong> about our services, locations, or assistance with reservations, you can <strong>contact us via phone or email<\/strong>. Our <strong>friendly and professional team<\/strong> will be happy to assist you with any inquiries and ensure that your <strong>car rental experience is as simple, comfortable, and stress-free as possible<\/strong>.<\/p>\n<\/div><div ><a class=\"fusion-button button-flat fusion-button-default-size button-default fusion-button-default button-1 fusion-button-span-yes fusion-button-default-type\" target=\"_self\" href=\"https:\/\/agio.si\/en\/contact\/\"><span class=\"fusion-button-text awb-button__text awb-button__text--default\">Contact<\/span><\/a><\/div><\/div><\/div><\/div><\/div>\n","protected":false},"excerpt":{"rendered":"","protected":false},"author":1,"featured_media":0,"parent":0,"menu_order":0,"comment_status":"closed","ping_status":"closed","template":"100-width.php","meta":{"footnotes":""},"class_list":["post-3005","page","type-page","status-publish","hentry"],"yoast_head":"<!-- This site is optimized with the Yoast SEO Premium plugin v26.0 (Yoast SEO v26.0) - https:\/\/yoast.com\/wordpress\/plugins\/seo\/ -->\n<title>Office locations - Agio | Rent a car<\/title>\n<meta name=\"description\" content=\"Agio Rent a Car ponuja vrhunske storitve najema vozil na klju\u010dnih lokacijah: Ljubljana mesto, letali\u0161\u010de, \u017eelezni\u0161ka postaja in Celje center.\" \/>\n<meta name=\"robots\" content=\"index, follow, max-snippet:-1, max-image-preview:large, max-video-preview:-1\" \/>\n<link rel=\"canonical\" href=\"https:\/\/agio.si\/en\/office-locations\/\" \/>\n<meta property=\"og:locale\" content=\"en_US\" \/>\n<meta property=\"og:type\" content=\"article\" \/>\n<meta property=\"og:title\" content=\"Office locations\" \/>\n<meta property=\"og:description\" content=\"Agio Rent a Car ponuja vrhunske storitve najema vozil na klju\u010dnih lokacijah: Ljubljana mesto, letali\u0161\u010de, \u017eelezni\u0161ka postaja in Celje center.\" \/>\n<meta property=\"og:url\" content=\"https:\/\/agio.si\/en\/office-locations\/\" \/>\n<meta property=\"og:site_name\" content=\"Agio | Rent a car\" \/>\n<meta property=\"article:publisher\" content=\"https:\/\/www.facebook.com\/agiorentacar\/\" \/>\n<meta property=\"article:modified_time\" content=\"2025-08-23T08:44:51+00:00\" \/>\n<meta name=\"twitter:card\" content=\"summary_large_image\" \/>\n<meta name=\"twitter:label1\" content=\"Est. reading time\" \/>\n\t<meta name=\"twitter:data1\" content=\"3 minutes\" \/>\n<script type=\"application\/ld+json\" class=\"yoast-schema-graph\">{\"@context\":\"https:\/\/schema.org\",\"@graph\":[{\"@type\":\"WebPage\",\"@id\":\"https:\/\/agio.si\/en\/office-locations\/\",\"url\":\"https:\/\/agio.si\/en\/office-locations\/\",\"name\":\"Office locations - Agio | Rent a car\",\"isPartOf\":{\"@id\":\"https:\/\/agio.si\/en\/#website\"},\"datePublished\":\"2020-08-20T16:21:25+00:00\",\"dateModified\":\"2025-08-23T08:44:51+00:00\",\"description\":\"Agio Rent a Car ponuja vrhunske storitve najema vozil na klju\u010dnih lokacijah: Ljubljana mesto, letali\u0161\u010de, \u017eelezni\u0161ka postaja in Celje center.\",\"breadcrumb\":{\"@id\":\"https:\/\/agio.si\/en\/office-locations\/#breadcrumb\"},\"inLanguage\":\"en-US\",\"potentialAction\":[{\"@type\":\"ReadAction\",\"target\":[\"https:\/\/agio.si\/en\/office-locations\/\"]}]},{\"@type\":\"BreadcrumbList\",\"@id\":\"https:\/\/agio.si\/en\/office-locations\/#breadcrumb\",\"itemListElement\":[{\"@type\":\"ListItem\",\"position\":1,\"name\":\"Home\",\"item\":\"https:\/\/agio.si\/en\/agio-rent-a-car\/\"},{\"@type\":\"ListItem\",\"position\":2,\"name\":\"Office locations\"}]},{\"@type\":\"WebSite\",\"@id\":\"https:\/\/agio.si\/en\/#website\",\"url\":\"https:\/\/agio.si\/en\/\",\"name\":\"Agio | Rent a car\",\"description\":\"\",\"publisher\":{\"@id\":\"https:\/\/agio.si\/en\/#organization\"},\"potentialAction\":[{\"@type\":\"SearchAction\",\"target\":{\"@type\":\"EntryPoint\",\"urlTemplate\":\"https:\/\/agio.si\/en\/?s={search_term_string}\"},\"query-input\":{\"@type\":\"PropertyValueSpecification\",\"valueRequired\":true,\"valueName\":\"search_term_string\"}}],\"inLanguage\":\"en-US\"},{\"@type\":\"Organization\",\"@id\":\"https:\/\/agio.si\/en\/#organization\",\"name\":\"Agio | Rent a car\",\"url\":\"https:\/\/agio.si\/en\/\",\"logo\":{\"@type\":\"ImageObject\",\"inLanguage\":\"en-US\",\"@id\":\"https:\/\/agio.si\/en\/#\/schema\/logo\/image\/\",\"url\":\"https:\/\/agio.si\/wp-content\/uploads\/2024\/06\/1.png\",\"contentUrl\":\"https:\/\/agio.si\/wp-content\/uploads\/2024\/06\/1.png\",\"width\":200,\"height\":100,\"caption\":\"Agio | Rent a car\"},\"image\":{\"@id\":\"https:\/\/agio.si\/en\/#\/schema\/logo\/image\/\"},\"sameAs\":[\"https:\/\/www.facebook.com\/agiorentacar\/\",\"https:\/\/www.instagram.com\/agiorentacar\/\"]}]}<\/script>\n<!-- \/ Yoast SEO Premium plugin. -->","yoast_head_json":{"title":"Office locations - Agio | Rent a car","description":"Agio Rent a Car ponuja vrhunske storitve najema vozil na klju\u010dnih lokacijah: Ljubljana mesto, letali\u0161\u010de, \u017eelezni\u0161ka postaja in Celje center.","robots":{"index":"index","follow":"follow","max-snippet":"max-snippet:-1","max-image-preview":"max-image-preview:large","max-video-preview":"max-video-preview:-1"},"canonical":"https:\/\/agio.si\/en\/office-locations\/","og_locale":"en_US","og_type":"article","og_title":"Office locations","og_description":"Agio Rent a Car ponuja vrhunske storitve najema vozil na klju\u010dnih lokacijah: Ljubljana mesto, letali\u0161\u010de, \u017eelezni\u0161ka postaja in Celje center.","og_url":"https:\/\/agio.si\/en\/office-locations\/","og_site_name":"Agio | Rent a car","article_publisher":"https:\/\/www.facebook.com\/agiorentacar\/","article_modified_time":"2025-08-23T08:44:51+00:00","twitter_card":"summary_large_image","twitter_misc":{"Est. reading time":"3 minutes"},"schema":{"@context":"https:\/\/schema.org","@graph":[{"@type":"WebPage","@id":"https:\/\/agio.si\/en\/office-locations\/","url":"https:\/\/agio.si\/en\/office-locations\/","name":"Office locations - Agio | Rent a car","isPartOf":{"@id":"https:\/\/agio.si\/en\/#website"},"datePublished":"2020-08-20T16:21:25+00:00","dateModified":"2025-08-23T08:44:51+00:00","description":"Agio Rent a Car ponuja vrhunske storitve najema vozil na klju\u010dnih lokacijah: Ljubljana mesto, letali\u0161\u010de, \u017eelezni\u0161ka postaja in Celje center.","breadcrumb":{"@id":"https:\/\/agio.si\/en\/office-locations\/#breadcrumb"},"inLanguage":"en-US","potentialAction":[{"@type":"ReadAction","target":["https:\/\/agio.si\/en\/office-locations\/"]}]},{"@type":"BreadcrumbList","@id":"https:\/\/agio.si\/en\/office-locations\/#breadcrumb","itemListElement":[{"@type":"ListItem","position":1,"name":"Home","item":"https:\/\/agio.si\/en\/agio-rent-a-car\/"},{"@type":"ListItem","position":2,"name":"Office locations"}]},{"@type":"WebSite","@id":"https:\/\/agio.si\/en\/#website","url":"https:\/\/agio.si\/en\/","name":"Agio | Rent a car","description":"","publisher":{"@id":"https:\/\/agio.si\/en\/#organization"},"potentialAction":[{"@type":"SearchAction","target":{"@type":"EntryPoint","urlTemplate":"https:\/\/agio.si\/en\/?s={search_term_string}"},"query-input":{"@type":"PropertyValueSpecification","valueRequired":true,"valueName":"search_term_string"}}],"inLanguage":"en-US"},{"@type":"Organization","@id":"https:\/\/agio.si\/en\/#organization","name":"Agio | Rent a car","url":"https:\/\/agio.si\/en\/","logo":{"@type":"ImageObject","inLanguage":"en-US","@id":"https:\/\/agio.si\/en\/#\/schema\/logo\/image\/","url":"https:\/\/agio.si\/wp-content\/uploads\/2024\/06\/1.png","contentUrl":"https:\/\/agio.si\/wp-content\/uploads\/2024\/06\/1.png","width":200,"height":100,"caption":"Agio | Rent a car"},"image":{"@id":"https:\/\/agio.si\/en\/#\/schema\/logo\/image\/"},"sameAs":["https:\/\/www.facebook.com\/agiorentacar\/","https:\/\/www.instagram.com\/agiorentacar\/"]}]}},"_links":{"self":[{"href":"https:\/\/agio.si\/en\/wp-json\/wp\/v2\/pages\/3005","targetHints":{"allow":["GET"]}}],"collection":[{"href":"https:\/\/agio.si\/en\/wp-json\/wp\/v2\/pages"}],"about":[{"href":"https:\/\/agio.si\/en\/wp-json\/wp\/v2\/types\/page"}],"author":[{"embeddable":true,"href":"https:\/\/agio.si\/en\/wp-json\/wp\/v2\/users\/1"}],"replies":[{"embeddable":true,"href":"https:\/\/agio.si\/en\/wp-json\/wp\/v2\/comments?post=3005"}],"version-history":[{"count":1,"href":"https:\/\/agio.si\/en\/wp-json\/wp\/v2\/pages\/3005\/revisions"}],"predecessor-version":[{"id":8161,"href":"https:\/\/agio.si\/en\/wp-json\/wp\/v2\/pages\/3005\/revisions\/8161"}],"wp:attachment":[{"href":"https:\/\/agio.si\/en\/wp-json\/wp\/v2\/media?parent=3005"}],"curies":[{"name":"wp","href":"https:\/\/api.w.org\/{rel}","templated":true}]}}